{"id":173,"date":"2019-08-08T09:28:17","date_gmt":"2019-08-08T07:28:17","guid":{"rendered":"http:\/\/fourny.zag-com.fr\/legal-notices\/"},"modified":"2022-07-27T14:56:58","modified_gmt":"2022-07-27T12:56:58","slug":"legal-notices","status":"publish","type":"page","link":"https:\/\/fourny.zag-com.fr\/en\/legal-notices\/","title":{"rendered":"Legal Notices"},"content":{"rendered":"<div class=\"mentions-container\">\n<p>Merci de lire avec attention les diff\u00e9rentes modalit\u00e9s d\u2019utilisation du pr\u00e9sent site avant d\u2019y parcourir ses pages. En vous connectant sur ce site, vous acceptez sans r\u00e9serve les pr\u00e9sentes modalit\u00e9s. Aussi, conform\u00e9ment \u00e0 l\u2019article n\u00b06 de la Loi n\u00b02004-575 du 21 Juin 2004 pour la confiance dans l\u2019\u00e9conomie num\u00e9rique, les responsables du pr\u00e9sent site internet <a href=\"http:\/\/fourny.zag-com.fr\">fourny.zag-com.fr<\/a> sont :<\/p>\n<h2>Editeur du Site :<\/h2>\n<p>Champagne Veuve Fourny &amp; Fils<br \/>\nNum\u00e9ro de SIRET : 31107831500018<br \/>\nResponsable \u00e9ditorial : Charles Fourny<br \/>\n5 Rue du Mesnil &#8211; VERTUS &#8211; 51130 Blancs-Coteaux<br \/>\nT\u00e9l\u00e9phone : <a href=\"javascript:IPCg('E6=iZbbbaeda`eb_');\"><span class=\"yQx_\">03 61 25 62 3(0) 33+<\/span><\/a><br \/>\nEmail : <a href=\"mailto:info@fourny.zag-com.fr\">info@fourny.zag-com.fr<\/a><br \/>\nSite Web : <a href=\"https:\/\/fourny.zag-com.fr\">fourny.zag-com.fr<\/a><br \/>\nRessortissant du Comit\u00e9 Champagne &#8211; SIRET 78038582900012<br \/>\nTitulaire de l&#8217;identifiant unique : FR246127_01QEKR<\/p>\n<h2>H\u00e9bergement :<\/h2>\n<p>H\u00e9bergeur : 1&amp;1 IONOS<br \/>\n7 Place de la Gare \u2013 57200 Sarreguemines<br \/>\nSite Web : <a href=\"https:\/\/www.ionos.fr\">www.ionos.fr<\/a><\/p>\n<h2>D\u00e9veloppement :<\/h2>\n<p>Agence Pr\u00e9ambulles<br \/>\nAdresse : 6, Avenue Raymond Poincar\u00e9, 68000 COLMAR<br \/>\nSite Web : <a href=\"https:\/\/www.preambulles.com\">www.preambulles.com<\/a><\/p>\n<h2>Conditions d\u2019utilisation :<\/h2>\n<p>Ce site (<a href=\"http:\/\/fourny.zag-com.fr\">fourny.zag-com.fr<\/a>) est propos\u00e9 en diff\u00e9rents langages web (HTML, HTML5, Javascript, CSS, etc\u2026) pour un meilleur confort d\u2019utilisation et un graphisme plus agr\u00e9able, nous vous recommandons de recourir \u00e0 des navigateurs modernes comme Internet explorer, Safari, Firefox, Google Chrome, etc\u2026<\/p>\n<p>Champagne Veuve Fourny et Fils met en \u0153uvre tous les moyens dont elle dispose, pour assurer une information fiable et une mise \u00e0 jour fiable de ses sites internet. Toutefois, des erreurs ou omissions peuvent survenir. L\u2019internaute devra donc s\u2019assurer de l\u2019exactitude des informations aupr\u00e8s de , et signaler toutes modifications du site qu\u2019il jugerait utile. n\u2019est en aucun cas responsable de l\u2019utilisation faite de ces informations, et de tout pr\u00e9judice direct ou indirect pouvant en d\u00e9couler.<\/p>\n<h2>Cookies :<\/h2>\n<p>Le site <a href=\"http:\/\/fourny.zag-com.fr\">fourny.zag-com.fr<\/a> peut \u00eatre amen\u00e9 \u00e0 vous demander l\u2019acceptation des cookies pour des besoins de statistiques et d\u2019affichage. Un cookie est une information d\u00e9pos\u00e9e sur votre disque dur par le serveur du site que vous visitez. Il contient plusieurs donn\u00e9es qui sont stock\u00e9es sur votre ordinateur dans un simple fichier texte auquel un serveur acc\u00e8de pour lire et enregistrer des informations. Certaines parties de ce site ne peuvent \u00eatre fonctionnelles sans l\u2019acceptation de cookies.<\/p>\n<h2>Liens hypertextes :<\/h2>\n<p>Les sites internet de peuvent offrir des liens vers d\u2019autres sites internet ou d\u2019autres ressources disponibles sur Internet. Champagne Veuve Fourny et Fils ne dispose d\u2019aucun moyen pour contr\u00f4ler les sites en connexion avec ses sites internet et ne r\u00e9pond pas de la disponibilit\u00e9 de tels sites et sources externes, ni ne la garantit. Elle ne peut \u00eatre tenue pour responsable de tout dommage, de quelque nature que ce soit, r\u00e9sultant du contenu de ces sites ou sources externes, et notamment des informations, produits ou services qu\u2019ils proposent, ou de tout usage qui peut \u00eatre fait de ces \u00e9l\u00e9ments. Les risques li\u00e9s \u00e0 cette utilisation incombent pleinement \u00e0 l\u2019internaute, qui doit se conformer \u00e0 leurs conditions d\u2019utilisation.<\/p>\n<p>Les utilisateurs, les abonn\u00e9s et les visiteurs des sites internet de ne peuvent mettre en place un hyperlien en direction de ce site sans l\u2019autorisation expresse et pr\u00e9alable de Champagne Veuve Fourny et Fils.<\/p>\n<p>Dans l\u2019hypoth\u00e8se o\u00f9 un utilisateur ou visiteur souhaiterait mettre en place un hyperlien en direction d\u2019un des sites internet de Champagne Veuve Fourny et Fils, il lui appartiendra d\u2019adresser un email accessible sur le site afin de formuler sa demande de mise en place d\u2019un hyperlien. Champagne Veuve Fourny et Fils se r\u00e9serve le droit d\u2019accepter ou de refuser un hyperlien sans avoir \u00e0 en justifier sa d\u00e9cision.<\/p>\n<h2>Services fournis :<\/h2>\n<p>L\u2019ensemble des activit\u00e9s de la soci\u00e9t\u00e9 ainsi que ses informations sont pr\u00e9sent\u00e9s sur notre site <a href=\"http:\/\/fourny.zag-com.fr\">fourny.zag-com.fr<\/a>.<\/p>\n<p>Champagne Veuve Fourny et Fils s\u2019efforce de fournir sur le site <a href=\"http:\/\/fourny.zag-com.fr\">fourny.zag-com.fr<\/a> des informations aussi pr\u00e9cises que possible. les renseignements figurant sur le site <a href=\"http:\/\/fourny.zag-com.fr\">fourny.zag-com.fr<\/a> ne sont pas exhaustifs et les photos non contractuelles. Ils sont donn\u00e9s sous r\u00e9serve de modifications ayant \u00e9t\u00e9 apport\u00e9es depuis leur mise en ligne. Par ailleurs, toutes les informations indiqu\u00e9es sur le site <a href=\"http:\/\/fourny.zag-com.fr\">fourny.zag-com.fr<\/a> sont donn\u00e9es \u00e0 titre indicatif, et sont susceptibles de changer ou d\u2019\u00e9voluer sans pr\u00e9avis.<\/p>\n<h2>Limitations contractuelles sur les donn\u00e9es :<\/h2>\n<p>Les informations contenues sur ce site sont aussi pr\u00e9cises que possible et le site remis \u00e0 jour \u00e0 diff\u00e9rentes p\u00e9riodes de l\u2019ann\u00e9e, mais peut toutefois contenir des inexactitudes ou des omissions. Si vous constatez une lacune, erreur ou ce qui parait \u00eatre un dysfonctionnement, merci de bien vouloir le signaler par email, \u00e0 l\u2019adresse <a href=\"mailto:info@fourny.zag-com.fr\">info@fourny.zag-com.fr<\/a>, en d\u00e9crivant le probl\u00e8me de la mani\u00e8re la plus pr\u00e9cise possible (page posant probl\u00e8me, type d\u2019ordinateur et de navigateur utilis\u00e9, \u2026).<\/p>\n<p>Tout contenu t\u00e9l\u00e9charg\u00e9 se fait aux risques et p\u00e9rils de l\u2019utilisateur et sous sa seule responsabilit\u00e9. En cons\u00e9quence, ne saurait \u00eatre tenu responsable d\u2019un quelconque dommage subi par l\u2019ordinateur de l\u2019utilisateur ou d\u2019une quelconque perte de donn\u00e9es cons\u00e9cutives au t\u00e9l\u00e9chargement. De plus, l\u2019utilisateur du site s\u2019engage \u00e0 acc\u00e9der au site en utilisant un mat\u00e9riel r\u00e9cent, ne contenant pas de virus et avec un navigateur de derni\u00e8re g\u00e9n\u00e9ration mis-\u00e0-jour<br \/>\nLes liens hypertextes mis en place dans le cadre du pr\u00e9sent site internet en direction d\u2019autres ressources pr\u00e9sentes sur le r\u00e9seau Internet ne sauraient engager la responsabilit\u00e9 de Champagne Veuve Fourny et Fils.<\/p>\n<h2>Propri\u00e9t\u00e9 intellectuelle :<\/h2>\n<p>Tout le contenu du pr\u00e9sent sur le site <a href=\"http:\/\/fourny.zag-com.fr\">fourny.zag-com.fr<\/a>, incluant, de fa\u00e7on non limitative, les graphismes, images, textes, vid\u00e9os, animations, sons, logos, gifs et ic\u00f4nes ainsi que leur mise en forme sont la propri\u00e9t\u00e9 exclusive de la soci\u00e9t\u00e9 \u00e0 l\u2019exception des marques, logos ou contenus appartenant \u00e0 d\u2019autres soci\u00e9t\u00e9s partenaires ou auteurs.<br \/>\nToute reproduction, distribution, modification, adaptation, retransmission ou publication, m\u00eame partielle, de ces diff\u00e9rents \u00e9l\u00e9ments est strictement interdite sans l\u2019accord expr\u00e8s par \u00e9crit de Champagne Veuve Fourny et Fils. Cette repr\u00e9sentation ou reproduction, par quelque proc\u00e9d\u00e9 que ce soit, constitue une contrefa\u00e7on sanctionn\u00e9e par les articles L.335-2 et suivants du Code de la propri\u00e9t\u00e9 intellectuelle. Le non-respect de cette interdiction constitue une contrefa\u00e7on pouvant engager la responsabilit\u00e9 civile et p\u00e9nale du contrefacteur. En outre, les propri\u00e9taires des Contenus copi\u00e9s pourraient intenter une action en justice \u00e0 votre encontre.<\/p>\n<h2>Litiges :<\/h2>\n<p>Les pr\u00e9sentes conditions du site <a href=\"http:\/\/fourny.zag-com.fr\">fourny.zag-com.fr<\/a> sont r\u00e9gies par les lois fran\u00e7aises et toute contestation ou litiges qui pourraient na\u00eetre de l\u2019interpr\u00e9tation ou de l\u2019ex\u00e9cution de celles-ci seront de la comp\u00e9tence exclusive des tribunaux dont d\u00e9pend le si\u00e8ge social de la soci\u00e9t\u00e9. La langue de r\u00e9f\u00e9rence, pour le r\u00e8glement de contentieux \u00e9ventuels, est le fran\u00e7ais.<\/p>\n<h2>Donn\u00e9es personnelles (RGPD) :<\/h2>\n<p>Nous nous engageons \u00e0 appliquer une politique de confidentialit\u00e9 qui prot\u00e8ge vos donn\u00e9es personnelles.<\/p>\n<p>Nous ne collectons et n&#8217;utilisons que les donn\u00e9es personnelles n\u00e9cessaires dans le cadre de notre activit\u00e9 de commercialisation de champagne.<\/p>\n<p>Nous pouvons \u00eatre amen\u00e9s \u00e0 collecter diff\u00e9rentes cat\u00e9gories de donn\u00e9es personnelles aupr\u00e8s de vous, notamment :<\/p>\n<ul>\n<li>information d&#8217;identification et de contact (nom, pr\u00e9nom, adresse postale et \u00e9lectronique)<\/li>\n<li>donn\u00e9es d&#8217;identification et d&#8217;authentification sur notre site (logs techniques, adresse IP, \u00e2ge)<\/li>\n<li>donn\u00e9es li\u00e9es \u00e0 vos habitudes et pr\u00e9f\u00e9rence de consommation de champagne<\/li>\n<li>donn\u00e9es relatives \u00e0 vos interactions avec nous (courriers, mails, sur notre site internet ou sur nos pages des r\u00e9seaux sociaux)<\/li>\n<\/ul>\n<p>La collecte et le traitement de vos donn\u00e9es personnelles sont fond\u00e9s sur :<\/p>\n<ul>\n<li>leur n\u00e9cessit\u00e9 afin d&#8217;ex\u00e9cuter le contrat de vente que nous concluons avec vous<\/li>\n<li>le consentement au moment o\u00f9 vous nous les communiquez<\/li>\n<li>nos obligations l\u00e9gales relatives au commerce, et \u00e0 celui d&#8217;alcool en particulier<\/li>\n<li>notre int\u00e9r\u00eat l\u00e9gitime \u00e0 conna\u00eetre nos clients et leurs pr\u00e9f\u00e9rences afin d&#8217;accro\u00eetre nos ventes, personnaliser nos communications, optimiser notre gestion du risque et, \u00e9ventuellement, d\u00e9fendre nos int\u00e9r\u00eats en justice.<\/li>\n<\/ul>\n<p>Nous mettons en place les moyens organisationnels, logiciels, techniques et physiques, aptes \u00e0 assurer la confidentialit\u00e9 et la s\u00e9curit\u00e9 de vos donn\u00e9es personnelles, de mani\u00e8re \u00e0 emp\u00eacher leur endommagement, leur effacement ou leur acc\u00e8s par des tiers non autoris\u00e9s.<\/p>\n<p>Nous conservons vos donn\u00e9es personnelles pour la plus longue des dur\u00e9es n\u00e9cessaires au respect des dispositions l\u00e9gales et r\u00e9glementaires applicables ou \u00e0 une autre dur\u00e9e compte tenu des contraintes op\u00e9rationnelles, de gestion et de la relation clients.<\/p>\n<p>L&#8217;acc\u00e8s \u00e0 vos donn\u00e9es est limit\u00e9 au personnel de notre exploitation viticole, lequel est soumis \u00e0 une obligation de confidentialit\u00e9 et ne peut utiliser vos donn\u00e9es qu&#8217;en conformit\u00e9 avec nos dispositions contractuelles et la l\u00e9gislation applicable.<\/p>\n<p>En dehors du transporteur qui devrait \u00e9ventuellement vous livrer vos commandes, nous nous engageons \u00e0 ne pas vendre, louer ni donner acc\u00e8s \u00e0 des tiers \u00e0 vos donn\u00e9es sans votre consentement pr\u00e9alable, \u00e0 moins d&#8217;y \u00eatre contraints en raison d&#8217;un motif l\u00e9gitime (obligation l\u00e9gale, lutte contre une fraude, exercice des droits de la d\u00e9fense, etc \u2026). Nous ne transf\u00e9rons pas non plus vos donn\u00e9es personnelles hors de l&#8217;Union Europ\u00e9enne.<\/p>\n<p>Conform\u00e9ment aux dispositions en vigueur de la loi &#8220;informatique et libert\u00e9s&#8221; du 6 janvier 1978 et \u00e0 compter du 25 mai 2018, \u00e0 celles du r\u00e8glement europ\u00e9en n\u00b02016\/679\/UE du 27 avril 2016 sur la protection des personnes physiques \u00e0 l&#8217;\u00e9gard du traitement des donn\u00e9es \u00e0 caract\u00e8re personnel et sur la libre circulation de celles-ci, vous b\u00e9n\u00e9ficiez d&#8217;un droit d&#8217;acc\u00e8s, de rectification, de portabilit\u00e9 et d&#8217;effacement de vos donn\u00e9es, ou encore de limitations des traitements op\u00e9r\u00e9s sur ces m\u00eames donn\u00e9es.<\/p>\n<p>Vous pouvez \u00e9galement, pour des motifs l\u00e9gitimes, vous opposer au traitement des donn\u00e9es vous concernant. Pour l&#8217;exercice de vos droits vous pouvez vous adresser \u00e0 notre exploitation viticole par courrier ou par mail.<br \/>\nVous pouvez introduire une r\u00e9clamation aupr\u00e8s de la CNIL si vous consid\u00e9rez que le traitement de donn\u00e9es \u00e0 caract\u00e8re personnel vous concernant constitue une violation \u00e0 la r\u00e8glementation. Si vous souhaitez avoir des informations suppl\u00e9mentaires sur vos droits, et plus particuli\u00e8rement sur ce dernier droit, dirigez-vous sur <a href=\"https:\/\/www.cnil.fr\/fr\/comprendre-vos-droits\" target=\"_blank\" rel=\"nofollow noopener noreferrer\">le site web de la Commission Nationale de l\u2019Informatique et des Libert\u00e9s<\/a>.<\/p>\n<\/div>\n","protected":false},"excerpt":{"rendered":"<p>Merci de lire avec attention les diff\u00e9rentes modalit\u00e9s d\u2019utilisation du pr\u00e9sent site avant d\u2019y parcourir ses pages. En vous connectant sur ce site, vous acceptez sans r\u00e9serve les pr\u00e9sentes modalit\u00e9s. Aussi, conform\u00e9ment \u00e0 l\u2019article n\u00b06 de la Loi n\u00b02004-575 du [&hellip;]<\/p>\n","protected":false},"author":1,"featured_media":0,"parent":0,"menu_order":0,"comment_status":"closed","ping_status":"closed","template":"page-templates\/contact.php","meta":{"_acf_changed":false,"footnotes":""},"class_list":["post-173","page","type-page","status-publish","hentry"],"acf":[],"yoast_head":"<!-- This site is optimized with the Yoast SEO plugin v27.4 - https:\/\/yoast.com\/product\/yoast-seo-wordpress\/ -->\n<title>Legal Notices - [PREPROD] Champagne Veuve Fourny<\/title>\n<meta name=\"robots\" content=\"noindex, follow\" \/>\n<meta property=\"og:locale\" content=\"en_US\" \/>\n<meta property=\"og:type\" content=\"article\" \/>\n<meta property=\"og:title\" content=\"Legal Notices - [PREPROD] Champagne Veuve Fourny\" \/>\n<meta property=\"og:description\" content=\"Merci de lire avec attention les diff\u00e9rentes modalit\u00e9s d\u2019utilisation du pr\u00e9sent site avant d\u2019y parcourir ses pages. En vous connectant sur ce site, vous acceptez sans r\u00e9serve les pr\u00e9sentes modalit\u00e9s. Aussi, conform\u00e9ment \u00e0 l\u2019article n\u00b06 de la Loi n\u00b02004-575 du [&hellip;]\" \/>\n<meta property=\"og:url\" content=\"https:\/\/www.champagne-veuve-fourny.com\/en\/legal-notices\/\" \/>\n<meta property=\"og:site_name\" content=\"[PREPROD] Champagne Veuve Fourny\" \/>\n<meta property=\"article:publisher\" content=\"https:\/\/www.facebook.com\/Champagne-Vve-Fourny-Fils-105573037869603\" \/>\n<meta property=\"article:modified_time\" content=\"2022-07-27T12:56:58+00:00\" \/>\n<meta name=\"twitter:card\" content=\"summary_large_image\" \/>\n<meta name=\"twitter:label1\" content=\"Est. reading time\" \/>\n\t<meta name=\"twitter:data1\" content=\"8 minutes\" \/>\n<script type=\"application\/ld+json\" class=\"yoast-schema-graph\">{\"@context\":\"https:\\\/\\\/schema.org\",\"@graph\":[{\"@type\":\"WebPage\",\"@id\":\"https:\\\/\\\/www.champagne-veuve-fourny.com\\\/en\\\/legal-notices\\\/\",\"url\":\"https:\\\/\\\/www.champagne-veuve-fourny.com\\\/en\\\/legal-notices\\\/\",\"name\":\"Legal Notices - [PREPROD] Champagne Veuve Fourny\",\"isPartOf\":{\"@id\":\"https:\\\/\\\/fourny.zag-com.fr\\\/#website\"},\"datePublished\":\"2019-08-08T07:28:17+00:00\",\"dateModified\":\"2022-07-27T12:56:58+00:00\",\"breadcrumb\":{\"@id\":\"https:\\\/\\\/www.champagne-veuve-fourny.com\\\/en\\\/legal-notices\\\/#breadcrumb\"},\"inLanguage\":\"en-US\",\"potentialAction\":[{\"@type\":\"ReadAction\",\"target\":[\"https:\\\/\\\/www.champagne-veuve-fourny.com\\\/en\\\/legal-notices\\\/\"]}]},{\"@type\":\"BreadcrumbList\",\"@id\":\"https:\\\/\\\/www.champagne-veuve-fourny.com\\\/en\\\/legal-notices\\\/#breadcrumb\",\"itemListElement\":[{\"@type\":\"ListItem\",\"position\":1,\"name\":\"Accueil\",\"item\":\"https:\\\/\\\/www.champagne-veuve-fourny.com\\\/en\\\/\"},{\"@type\":\"ListItem\",\"position\":2,\"name\":\"Legal Notices\"}]},{\"@type\":\"WebSite\",\"@id\":\"https:\\\/\\\/fourny.zag-com.fr\\\/#website\",\"url\":\"https:\\\/\\\/fourny.zag-com.fr\\\/\",\"name\":\"[PREPROD] Champagne Veuve Fourny\",\"description\":\"\",\"publisher\":{\"@id\":\"https:\\\/\\\/fourny.zag-com.fr\\\/#organization\"},\"potentialAction\":[{\"@type\":\"SearchAction\",\"target\":{\"@type\":\"EntryPoint\",\"urlTemplate\":\"https:\\\/\\\/fourny.zag-com.fr\\\/?s={search_term_string}\"},\"query-input\":{\"@type\":\"PropertyValueSpecification\",\"valueRequired\":true,\"valueName\":\"search_term_string\"}}],\"inLanguage\":\"en-US\"},{\"@type\":\"Organization\",\"@id\":\"https:\\\/\\\/fourny.zag-com.fr\\\/#organization\",\"name\":\"Champagne Veuve Fourny & Fils\",\"url\":\"https:\\\/\\\/fourny.zag-com.fr\\\/\",\"logo\":{\"@type\":\"ImageObject\",\"inLanguage\":\"en-US\",\"@id\":\"https:\\\/\\\/fourny.zag-com.fr\\\/#\\\/schema\\\/logo\\\/image\\\/\",\"url\":\"https:\\\/\\\/fourny.zag-com.fr\\\/wp-content\\\/uploads\\\/2019\\\/08\\\/favicon-champagne-veuve-fourny.png\",\"contentUrl\":\"https:\\\/\\\/fourny.zag-com.fr\\\/wp-content\\\/uploads\\\/2019\\\/08\\\/favicon-champagne-veuve-fourny.png\",\"width\":512,\"height\":512,\"caption\":\"Champagne Veuve Fourny & Fils\"},\"image\":{\"@id\":\"https:\\\/\\\/fourny.zag-com.fr\\\/#\\\/schema\\\/logo\\\/image\\\/\"},\"sameAs\":[\"https:\\\/\\\/www.facebook.com\\\/Champagne-Vve-Fourny-Fils-105573037869603\",\"https:\\\/\\\/www.instagram.com\\\/champagneveuvefourny\\\/?hl=fr\"]}]}<\/script>\n<!-- \/ Yoast SEO plugin. -->","yoast_head_json":{"title":"Legal Notices - [PREPROD] Champagne Veuve Fourny","robots":{"index":"noindex","follow":"follow"},"og_locale":"en_US","og_type":"article","og_title":"Legal Notices - [PREPROD] Champagne Veuve Fourny","og_description":"Merci de lire avec attention les diff\u00e9rentes modalit\u00e9s d\u2019utilisation du pr\u00e9sent site avant d\u2019y parcourir ses pages. En vous connectant sur ce site, vous acceptez sans r\u00e9serve les pr\u00e9sentes modalit\u00e9s. Aussi, conform\u00e9ment \u00e0 l\u2019article n\u00b06 de la Loi n\u00b02004-575 du [&hellip;]","og_url":"https:\/\/www.champagne-veuve-fourny.com\/en\/legal-notices\/","og_site_name":"[PREPROD] Champagne Veuve Fourny","article_publisher":"https:\/\/www.facebook.com\/Champagne-Vve-Fourny-Fils-105573037869603","article_modified_time":"2022-07-27T12:56:58+00:00","twitter_card":"summary_large_image","twitter_misc":{"Est. reading time":"8 minutes"},"schema":{"@context":"https:\/\/schema.org","@graph":[{"@type":"WebPage","@id":"https:\/\/www.champagne-veuve-fourny.com\/en\/legal-notices\/","url":"https:\/\/www.champagne-veuve-fourny.com\/en\/legal-notices\/","name":"Legal Notices - [PREPROD] Champagne Veuve Fourny","isPartOf":{"@id":"https:\/\/fourny.zag-com.fr\/#website"},"datePublished":"2019-08-08T07:28:17+00:00","dateModified":"2022-07-27T12:56:58+00:00","breadcrumb":{"@id":"https:\/\/www.champagne-veuve-fourny.com\/en\/legal-notices\/#breadcrumb"},"inLanguage":"en-US","potentialAction":[{"@type":"ReadAction","target":["https:\/\/www.champagne-veuve-fourny.com\/en\/legal-notices\/"]}]},{"@type":"BreadcrumbList","@id":"https:\/\/www.champagne-veuve-fourny.com\/en\/legal-notices\/#breadcrumb","itemListElement":[{"@type":"ListItem","position":1,"name":"Accueil","item":"https:\/\/www.champagne-veuve-fourny.com\/en\/"},{"@type":"ListItem","position":2,"name":"Legal Notices"}]},{"@type":"WebSite","@id":"https:\/\/fourny.zag-com.fr\/#website","url":"https:\/\/fourny.zag-com.fr\/","name":"[PREPROD] Champagne Veuve Fourny","description":"","publisher":{"@id":"https:\/\/fourny.zag-com.fr\/#organization"},"potentialAction":[{"@type":"SearchAction","target":{"@type":"EntryPoint","urlTemplate":"https:\/\/fourny.zag-com.fr\/?s={search_term_string}"},"query-input":{"@type":"PropertyValueSpecification","valueRequired":true,"valueName":"search_term_string"}}],"inLanguage":"en-US"},{"@type":"Organization","@id":"https:\/\/fourny.zag-com.fr\/#organization","name":"Champagne Veuve Fourny & Fils","url":"https:\/\/fourny.zag-com.fr\/","logo":{"@type":"ImageObject","inLanguage":"en-US","@id":"https:\/\/fourny.zag-com.fr\/#\/schema\/logo\/image\/","url":"https:\/\/fourny.zag-com.fr\/wp-content\/uploads\/2019\/08\/favicon-champagne-veuve-fourny.png","contentUrl":"https:\/\/fourny.zag-com.fr\/wp-content\/uploads\/2019\/08\/favicon-champagne-veuve-fourny.png","width":512,"height":512,"caption":"Champagne Veuve Fourny & Fils"},"image":{"@id":"https:\/\/fourny.zag-com.fr\/#\/schema\/logo\/image\/"},"sameAs":["https:\/\/www.facebook.com\/Champagne-Vve-Fourny-Fils-105573037869603","https:\/\/www.instagram.com\/champagneveuvefourny\/?hl=fr"]}]}},"_links":{"self":[{"href":"https:\/\/fourny.zag-com.fr\/en\/wp-json\/wp\/v2\/pages\/173","targetHints":{"allow":["GET"]}}],"collection":[{"href":"https:\/\/fourny.zag-com.fr\/en\/wp-json\/wp\/v2\/pages"}],"about":[{"href":"https:\/\/fourny.zag-com.fr\/en\/wp-json\/wp\/v2\/types\/page"}],"author":[{"embeddable":true,"href":"https:\/\/fourny.zag-com.fr\/en\/wp-json\/wp\/v2\/users\/1"}],"replies":[{"embeddable":true,"href":"https:\/\/fourny.zag-com.fr\/en\/wp-json\/wp\/v2\/comments?post=173"}],"version-history":[{"count":9,"href":"https:\/\/fourny.zag-com.fr\/en\/wp-json\/wp\/v2\/pages\/173\/revisions"}],"predecessor-version":[{"id":9856,"href":"https:\/\/fourny.zag-com.fr\/en\/wp-json\/wp\/v2\/pages\/173\/revisions\/9856"}],"wp:attachment":[{"href":"https:\/\/fourny.zag-com.fr\/en\/wp-json\/wp\/v2\/media?parent=173"}],"curies":[{"name":"wp","href":"https:\/\/api.w.org\/{rel}","templated":true}]}}